{"id":8606,"date":"2020-12-17T15:54:47","date_gmt":"2020-12-17T14:54:47","guid":{"rendered":"https:\/\/www.lorettadenarditraduzioni.it\/corsi-di-lingue\/"},"modified":"2025-09-29T12:38:14","modified_gmt":"2025-09-29T10:38:14","slug":"cursos-de-idiomas","status":"publish","type":"page","link":"https:\/\/www.lorettadenarditraduzioni.it\/es\/cursos-de-idiomas\/","title":{"rendered":"Cursos de idiomas"},"content":{"rendered":"<p>[vc_row content_width=\"grid\"][vc_column]\n<div id=\"ersspace-1\"><\/div><style type=\"text\/css\">#ersspace-1 { height: 100px; }\n@media handheld, only screen and (max-width: 767px) {\n\t#ersspace-1 { height: 00px; }\n}<\/style>[\/vc_column][\/vc_row][vc_row content_width=\"grid\" el_class=\"ldn-corsi-odd\"][vc_column offset=\"vc_col-lg-6 vc_col-md-6\"][vc_column_text css_animation=\"fadeInLeftBig\"]<\/p>\n<h2>Cursos abiertos a todos<\/h2>\n<p>[\/vc_column_text][vc_empty_space height=\"20px\"][\/vc_column][vc_column offset=\"vc_col-lg-6 vc_col-md-6\"][vc_column_text]Los cursos est\u00e1n abiertos a todos los que desean aprender un idioma extranjero o perfeccionar sus conocimientos de un idioma extranjero ya conocido y tienen por objeto la creaci\u00f3n y el desarrollo de competencias comunicativas a trav\u00e9s de la metodolog\u00eda did\u00e1ctica y los objetivos indicados por el MCER \u2013 Marco Com\u00fan Europeo de Referencia para las Lenguas.<br \/>\n[\/vc_column_text][vc_empty_space height=\"40px\"][\/vc_column][\/vc_row][vc_row content_width=\"grid\" el_class=\"ldn-corsi-even\"][vc_column offset=\"vc_col-lg-6 vc_col-md-6\" el_class=\"vc_col-md-push-6\"][vc_column_text css_animation=\"fadeInRightBig\"]<\/p>\n<h2>Cursos individuales y cursos de grupo<\/h2>\n<p>[\/vc_column_text][vc_empty_space height=\"20px\"][\/vc_column][vc_column offset=\"vc_col-lg-6 vc_col-md-6\" el_class=\"vc_col-md-pull-6\"][vc_column_text]Tanto los cursos individuales como los cursos de grupo ofrecen itinerarios did\u00e1cticos personalizados, basados en un enfoque equilibrado entre las funciones comunicativas, el dominio de las estructuras gramaticales y sint\u00e1cticas y la propiedad l\u00e9xica. Los temas de los cursos de idioma profesional y business est\u00e1n inherentes a un sector acad\u00e9mico o profesional espec\u00edfico, mientras que los temas de los cursos de idioma general est\u00e1n inspirados principalmente en temas de actualidad o de inter\u00e9s com\u00fan (costumbres y tradiciones, cultura, viajes, deporte, tiempo libre).<br \/>\n[\/vc_column_text][vc_empty_space height=\"40px\"][\/vc_column][\/vc_row][vc_row content_width=\"grid\" el_class=\"ldn-corsi-odd\"][vc_column offset=\"vc_col-lg-6 vc_col-md-6\"][vc_column_text css_animation=\"fadeInLeftBig\"]<\/p>\n<h2>Duraci\u00f3n, asistencia y horarios personalizados<\/h2>\n<p>[\/vc_column_text][vc_empty_space height=\"20px\"][\/vc_column][vc_column offset=\"vc_col-lg-6 vc_col-md-6\"][vc_column_text]La duraci\u00f3n y la asistencia a los cursos dependen del tipo de idioma elegido, de las competencias ling\u00fc\u00edsticas y de las habilidades que ya poseen los estudiantes en la lengua extranjera o en el italiano, de su capacidad para progresar ling\u00fc\u00edsticamente y del nivel ling\u00fc\u00edstico-cultural que se proponen alcanzar.<br \/>\nTanto los cursos individuales como los cursos de grupo se organizan en funci\u00f3n de la disponibilidad de tiempo de los estudiantes. Los cursos de grupo se desarrollan preferiblemente en horario prenocturno o nocturno para permitir que los estudiantes que trabajan puedan asistir a los cursos regularmente seg\u00fan un calendario semanal que se definir\u00e1 con el profesor.<br \/>\n[\/vc_column_text][vc_empty_space height=\"40px\"][\/vc_column][\/vc_row][vc_row content_width=\"grid\" el_class=\"ldn-corsi-even\"][vc_column offset=\"vc_col-lg-6 vc_col-md-6\" el_class=\"vc_col-md-push-6\"][vc_column_text css_animation=\"fadeInRightBig\"]<\/p>\n<h2>Primera clase introductoria gratuita<\/h2>\n<p>[\/vc_column_text][vc_empty_space height=\"20px\"][\/vc_column][vc_column offset=\"vc_col-lg-6 vc_col-md-6\" el_class=\"vc_col-md-pull-6\"][vc_column_text]Todos los cursos incluyen una primera clase introductoria gratuita de sesenta minutos de duraci\u00f3n, que comprende un coloquio-entrevista y una prueba para verificar el nivel de idioma que efectivamente poseen los estudiantes. En esta ocasi\u00f3n, se identificar\u00e1n las necesidades formativas de los estudiantes y se delinear\u00e1 en colaboraci\u00f3n con ellos el itinerario did\u00e1ctico, que estar\u00e1 personalizado para todos tipos de cursos, con especial atenci\u00f3n a los objetivos de especificidad para los cursos individuales y la homogeneidad para los cursos de grupo.<br \/>\n[\/vc_column_text][vc_empty_space height=\"40px\"][\/vc_column][\/vc_row][vc_row content_width=\"grid\" el_class=\"ldn-corsi-odd\"][vc_column offset=\"vc_col-lg-6 vc_col-md-6\"][vc_column_text css_animation=\"fadeInLeftBig\"]<\/p>\n<h2>Prueba de verificaci\u00f3n inicial, intermedia y final<\/h2>\n<p>[\/vc_column_text][vc_empty_space height=\"20px\"][\/vc_column][vc_column offset=\"vc_col-lg-6 vc_col-md-6\"][vc_column_text]A la prueba de verificaci\u00f3n inicial le seguir\u00e1 una prueba de verificaci\u00f3n intermedia que tiene la funci\u00f3n de verificar la calidad del proceso de aprendizaje de los estudiantes y detectar eventuales lagunas que deben colmarse. Al final del curso, se propone una prueba final con el fin de evaluar el aprendizaje efectivo por parte de los estudiantes de los temas tratados durante el curso y determinar la consecuci\u00f3n del objetivo ling\u00fc\u00edstico-cultural inicialmente solicitado. Al superar la prueba final, se expide una ficha de evaluaci\u00f3n general y un certificado de asistencia relativos al nivel de conocimientos y habilidades ling\u00fc\u00edstico-culturales alcanzados por cada estudiante.<br \/>\n[\/vc_column_text][vc_empty_space height=\"40px\"][\/vc_column][\/vc_row][vc_row content_width=\"grid\" css=\".vc_custom_1610537310481{background-color: #f8f8f8 !important;}\" el_id=\"r1\"][vc_column width=\"2\/3\" offset=\"vc_col-sm-offset-2\"]\n<div id=\"ersspace-2\"><\/div><style type=\"text\/css\">#ersspace-2 { height: 100px; }\n@media handheld, only screen and (max-width: 767px) {\n\t#ersspace-2 { height: 40px; }\n}<\/style>[vc_raw_html]JTNDZGl2JTIwY2xhc3MlM0QlMjJsZG4tbGluZ3VlLWlucyUyMiUzRSUwQSUyMCUyMCUzQ2RpdiUyMGNsYXNzJTNEJTIycmlnYSUyMiUzRSUwQSUyMCUyMCUyMCUyMCUzQ2RpdiUyMGNsYXNzJTNEJTIybGRuLWxpbmd1ZS10aXQlMjIlM0VJZGlvbWFzJTIwZGUlMjBlbnNlJUMzJUIxYW56YSUwQSUzQyUyRmRpdiUzRSUwQSUyMCUyMCUyMCUyMCUzQ2RpdiUyMGNsYXNzJTNEJTIybGRuLWxpbmd1ZS1jb3JzaSUyMGNsZWFyZml4JTIyJTNFJTBBJTIwJTIwJTIwJTIwJTIwJTIwJTNDZGl2JTIwY2xhc3MlM0QlMjJzaW5nLWNvcnNvJTIyJTNFUlVTTyUwQSUzQyUyRmRpdiUzRSUwQSUyMCUyMCUyMCUyMCUyMCUyMCUzQ2RpdiUyMGNsYXNzJTNEJTIyc2luZy1jb3JzbyUyMiUzRUlOR0wlQzMlODlTJTBBJTNDJTJGZGl2JTNFJTBBJTIwJTIwJTIwJTIwJTIwJTIwJTNDZGl2JTIwY2xhc3MlM0QlMjJzaW5nLWNvcnNvJTIyJTNFRlJBTkMlQzMlODlTJTBBJTNDJTJGZGl2JTNFJTBBJTIwJTIwJTIwJTIwJTIwJTIwJTNDZGl2JTIwY2xhc3MlM0QlMjJzaW5nLWNvcnNvJTIyJTNFRVNQQSVDMyU5MU9MJTBBJTNDJTJGZGl2JTNFJTBBJTIwJTIwJTIwJTIwJTIwJTIwJTNDZGl2JTIwY2xhc3MlM0QlMjJzaW5nLWNvcnNvJTIyJTNFSVRBTElBTk8lMEElM0MlMkZkaXYlM0UlMEElMjAlMjAlMjAlMjAlM0MlMkZkaXYlM0UlMEElMjAlMjAlM0MlMkZkaXYlM0UlMEElMjAlMjAlM0NkaXYlMjBjbGFzcyUzRCUyMnJpZ2ElMjIlM0UlMEElMjAlMjAlMjAlMjAlM0NkaXYlMjBjbGFzcyUzRCUyMmxkbi1saW5ndWUtdGl0JTIyJTNFTml2ZWxlcyUyMGRlJTIwZW5zZSVDMyVCMWFuemElM0MlMkZkaXYlM0UlMEElMjAlMjAlMjAlMjAlM0NkaXYlMjBjbGFzcyUzRCUyMmxkbi1saW5ndWUtY29yc2klMjBjbGVhcmZpeCUyMiUzRSUwQSUyMCUyMCUyMCUyMCUyMCUyMCUzQ2RpdiUyMGNsYXNzJTNEJTIyc2luZy1jb3JzbyUyMiUzRVJVU08lM0NzcGFuJTNFQTElMkZBMiUyQyUyMEIxJTJGQjIlMkMlMjBDMSUyRkMyJTNDJTJGc3BhbiUzRSUzQyUyRmRpdiUzRSUwQSUyMCUyMCUyMCUyMCUyMCUyMCUzQ2RpdiUyMGNsYXNzJTNEJTIyc2luZy1jb3JzbyUyMiUzRUlOR0wlQzMlODlTJTNDc3BhbiUzRUExJTJGQTIlMkMlMjBCMSUyRkIyJTJDJTIwQzElM0MlMkZzcGFuJTNFJTNDJTJGZGl2JTNFJTBBJTIwJTIwJTIwJTIwJTIwJTIwJTNDZGl2JTIwY2xhc3MlM0QlMjJzaW5nLWNvcnNvJTIyJTNFRlJBTkMlQzMlODlTJTNDc3BhbiUzRUExJTJGQTIlMkMlMjBCMSUyRkIyJTNDJTJGc3BhbiUzRSUzQyUyRmRpdiUzRSUwQSUyMCUyMCUyMCUyMCUyMCUyMCUzQ2RpdiUyMGNsYXNzJTNEJTIyc2luZy1jb3JzbyUyMiUzRUVTUEElQzMlOTFPTCUzQ3NwYW4lM0VBMSUyRkEyJTJDJTIwQjElMkZCMiUzQyUyRnNwYW4lM0UlM0MlMkZkaXYlM0UlMEElMjAlMjAlMjAlMjAlMjAlMjAlM0NkaXYlMjBjbGFzcyUzRCUyMnNpbmctY29yc28lMjIlM0VJVEFMSUFOTyUzQ3NwYW4lM0VBMSUyRkEyJTJDJTIwQjElMkZCMiUyQyUyMEMxJTJGQzIlM0MlMkZzcGFuJTNFJTNDJTJGZGl2JTNFJTBBJTIwJTIwJTIwJTIwJTNDJTJGZGl2JTNFJTBBJTIwJTIwJTNDJTJGZGl2JTNFJTBBJTNDJTJGZGl2JTNF[\/vc_raw_html][vc_raw_html el_id=\"r2\"][\/vc_raw_html]\n<div id=\"ersspace-3\"><\/div><style type=\"text\/css\">#ersspace-3 { height: 100px; }\n@media handheld, only screen and (max-width: 767px) {\n\t#ersspace-3 { height: 40px; }\n}<\/style>[\/vc_column][\/vc_row][vc_row content_width=\"grid\" el_class=\"ldn-corsi-odd\"][vc_column offset=\"vc_col-lg-6 vc_col-md-6\"][vc_column_text css_animation=\"fadeInLeftBig\"]<\/p>\n<h2>Contenidos<\/h2>\n<p>[\/vc_column_text][vc_empty_space height=\"20px\"][\/vc_column][vc_column offset=\"vc_col-lg-6 vc_col-md-6\"]<div class=\"edgtf-unordered-list  edgtf-circle\" >\n<ul>\n<li>Alfabetos<\/li>\n<li>Gram\u00e1tica<\/li>\n<li>Morfolog\u00eda y sintaxis<\/li>\n<li>L\u00e9xico<\/li>\n<li>Fon\u00e9tica<\/li>\n<li>Dicci\u00f3n<\/li>\n<li>Leer<\/li>\n<li>Escuchar<\/li>\n<li>Escribir<\/li>\n<li>Hablar<\/li>\n<li>Cultura<\/li>\n<li>Actualidad<\/li>\n<\/ul>\n<\/div>[vc_raw_html el_id=\"r3\"][\/vc_raw_html][vc_empty_space height=\"40px\"][\/vc_column][\/vc_row][vc_row content_width=\"grid\" el_class=\"ldn-corsi-odd\" css=\".vc_custom_1610539369033{background-color: #f8f8f8 !important;}\"][vc_column offset=\"vc_col-lg-6 vc_col-md-6\"][vc_column_text css_animation=\"fadeInLeftBig\"]<\/p>\n<h2>Materiales<\/h2>\n<p>[\/vc_column_text][vc_empty_space height=\"20px\"][\/vc_column][vc_column offset=\"vc_col-lg-6 vc_col-md-6\"]<div class=\"edgtf-unordered-list  edgtf-circle\" >\n<ul>\n<li>Publicaciones especializadas<\/li>\n<li>Peri\u00f3dicos en l\u00ednea<\/li>\n<li>Revistas de sector<\/li>\n<li>Sitios institucionales<\/li>\n<li>Materiales de audio-v\u00eddeo<\/li>\n<\/ul>\n<\/div>[vc_raw_html el_id=\"r4\"][\/vc_raw_html][vc_empty_space height=\"40px\"][\/vc_column][\/vc_row][vc_row content_width=\"grid\" el_class=\"ldn-corsi-odd padd-20\"][vc_column offset=\"vc_col-lg-6 vc_col-md-6\" css=\".vc_custom_1610544772085{padding-top: 0px !important;}\"][vc_column_text css_animation=\"fadeInLeftBig\"]<\/p>\n<h2>Did\u00e1ctica<\/h2>\n<p>[\/vc_column_text][vc_empty_space height=\"20px\"][\/vc_column][vc_column offset=\"vc_col-lg-6 vc_col-md-6\"][vc_column_text]Clases de sesenta minutos con la ayuda de materiales did\u00e1cticos multimedia actualizados y en l\u00ednea con los objetivos del curso y\/o libros de texto seleccionados por el profesor o propuestos por los estudiantes, juegos de rol formativos.<br \/>\n[\/vc_column_text][vc_empty_space height=\"40px\"][\/vc_column][\/vc_row][vc_row][vc_column][vc_raw_html]JTVCaW5zZXJ0JTIwcGFnZSUzRCUyN19mb3JtLWdlbmVyaWNvJTI3JTIwZGlzcGxheSUzRCUyN2NvbnRlbnQlMjclNUQ=[\/vc_raw_html][\/vc_column][\/vc_row]<\/p>\n","protected":false},"excerpt":{"rendered":"<p>[vc_row content_width=\"grid\"][vc_column][\/vc_column][\/vc_row][vc_row content_width=\"grid\" el_class=\"ldn-corsi-odd\"][vc_column offset=\"vc_col-lg-6 vc_col-md-6\"][vc_column_text css_animation=\"fadeInLeftBig\"] Cursos abiertos a todos [\/vc_column_text][vc_empty_space height=\"20px\"][\/vc_column][vc_column offset=\"vc_col-lg-6 vc_col-md-6\"][vc_column_text]Los cursos est\u00e1n abiertos a todos los que desean aprender un idioma extranjero o perfeccionar sus...<\/p>\n","protected":false},"author":1,"featured_media":0,"parent":0,"menu_order":0,"comment_status":"closed","ping_status":"closed","template":"full-width.php","meta":{"footnotes":""},"class_list":["post-8606","page","type-page","status-publish","hentry"],"yoast_head":"<!-- This site is optimized with the Yoast SEO plugin v27.5 - https:\/\/yoast.com\/product\/yoast-seo-wordpress\/ -->\n<title>Cursos de idiomas - Loretta De Nardi - Traduttrice e interprete<\/title>\n<meta name=\"description\" content=\"Cursos abiertos a todos Los cursos est\u00e1n abiertos a todos los que desean aprender un idioma extranjero o perfeccionar sus conocimientos de un idioma\" \/>\n<meta name=\"robots\" content=\"index, follow, max-snippet:-1, max-image-preview:large, max-video-preview:-1\" \/>\n<link rel=\"canonical\" href=\"https:\/\/www.lorettadenarditraduzioni.it\/es\/cursos-de-idiomas\/\" \/>\n<meta property=\"og:locale\" content=\"es_ES\" \/>\n<meta property=\"og:type\" content=\"article\" \/>\n<meta property=\"og:title\" content=\"Cursos de idiomas - Loretta De Nardi - Traduttrice e interprete\" \/>\n<meta property=\"og:description\" content=\"Cursos abiertos a todos Los cursos est\u00e1n abiertos a todos los que desean aprender un idioma extranjero o perfeccionar sus conocimientos de un idioma\" \/>\n<meta property=\"og:url\" content=\"https:\/\/www.lorettadenarditraduzioni.it\/es\/cursos-de-idiomas\/\" \/>\n<meta property=\"og:site_name\" content=\"Loretta De Nardi\" \/>\n<meta property=\"article:modified_time\" content=\"2025-09-29T10:38:14+00:00\" \/>\n<meta name=\"twitter:card\" content=\"summary_large_image\" \/>\n<meta name=\"twitter:label1\" content=\"Tiempo de lectura\" \/>\n\t<meta name=\"twitter:data1\" content=\"4 minutos\" \/>\n<script type=\"application\/ld+json\" class=\"yoast-schema-graph\">{\"@context\":\"https:\\\/\\\/schema.org\",\"@graph\":[{\"@type\":\"WebPage\",\"@id\":\"https:\\\/\\\/www.lorettadenarditraduzioni.it\\\/es\\\/cursos-de-idiomas\\\/\",\"url\":\"https:\\\/\\\/www.lorettadenarditraduzioni.it\\\/es\\\/cursos-de-idiomas\\\/\",\"name\":\"Cursos de idiomas - Loretta De Nardi - Traduttrice e interprete\",\"isPartOf\":{\"@id\":\"https:\\\/\\\/www.lorettadenarditraduzioni.it\\\/es\\\/#website\"},\"datePublished\":\"2020-12-17T14:54:47+00:00\",\"dateModified\":\"2025-09-29T10:38:14+00:00\",\"description\":\"Cursos abiertos a todos Los cursos est\u00e1n abiertos a todos los que desean aprender un idioma extranjero o perfeccionar sus conocimientos de un idioma\",\"breadcrumb\":{\"@id\":\"https:\\\/\\\/www.lorettadenarditraduzioni.it\\\/es\\\/cursos-de-idiomas\\\/#breadcrumb\"},\"inLanguage\":\"es\",\"potentialAction\":[{\"@type\":\"ReadAction\",\"target\":[\"https:\\\/\\\/www.lorettadenarditraduzioni.it\\\/es\\\/cursos-de-idiomas\\\/\"]}]},{\"@type\":\"BreadcrumbList\",\"@id\":\"https:\\\/\\\/www.lorettadenarditraduzioni.it\\\/es\\\/cursos-de-idiomas\\\/#breadcrumb\",\"itemListElement\":[{\"@type\":\"ListItem\",\"position\":1,\"name\":\"Home\",\"item\":\"https:\\\/\\\/www.lorettadenarditraduzioni.it\\\/es\\\/\"},{\"@type\":\"ListItem\",\"position\":2,\"name\":\"Cursos de idiomas\"}]},{\"@type\":\"WebSite\",\"@id\":\"https:\\\/\\\/www.lorettadenarditraduzioni.it\\\/es\\\/#website\",\"url\":\"https:\\\/\\\/www.lorettadenarditraduzioni.it\\\/es\\\/\",\"name\":\"Loretta De Nardi\",\"description\":\"Traduttrice e interprete\",\"publisher\":{\"@id\":\"https:\\\/\\\/www.lorettadenarditraduzioni.it\\\/es\\\/#organization\"},\"potentialAction\":[{\"@type\":\"SearchAction\",\"target\":{\"@type\":\"EntryPoint\",\"urlTemplate\":\"https:\\\/\\\/www.lorettadenarditraduzioni.it\\\/es\\\/?s={search_term_string}\"},\"query-input\":{\"@type\":\"PropertyValueSpecification\",\"valueRequired\":true,\"valueName\":\"search_term_string\"}}],\"inLanguage\":\"es\"},{\"@type\":\"Organization\",\"@id\":\"https:\\\/\\\/www.lorettadenarditraduzioni.it\\\/es\\\/#organization\",\"name\":\"Loretta De Nardi - Traduttrice e interprete\",\"url\":\"https:\\\/\\\/www.lorettadenarditraduzioni.it\\\/es\\\/\",\"logo\":{\"@type\":\"ImageObject\",\"inLanguage\":\"es\",\"@id\":\"https:\\\/\\\/www.lorettadenarditraduzioni.it\\\/es\\\/#\\\/schema\\\/logo\\\/image\\\/\",\"url\":\"http:\\\/\\\/www.lorettadenarditraduzioni.it\\\/wp-content\\\/uploads\\\/lorettadenardi-logo-scuro-small.png\",\"contentUrl\":\"http:\\\/\\\/www.lorettadenarditraduzioni.it\\\/wp-content\\\/uploads\\\/lorettadenardi-logo-scuro-small.png\",\"width\":218,\"height\":60,\"caption\":\"Loretta De Nardi - Traduttrice e interprete\"},\"image\":{\"@id\":\"https:\\\/\\\/www.lorettadenarditraduzioni.it\\\/es\\\/#\\\/schema\\\/logo\\\/image\\\/\"}}]}<\/script>\n<!-- \/ Yoast SEO plugin. -->","yoast_head_json":{"title":"Cursos de idiomas - Loretta De Nardi - Traduttrice e interprete","description":"Cursos abiertos a todos Los cursos est\u00e1n abiertos a todos los que desean aprender un idioma extranjero o perfeccionar sus conocimientos de un idioma","robots":{"index":"index","follow":"follow","max-snippet":"max-snippet:-1","max-image-preview":"max-image-preview:large","max-video-preview":"max-video-preview:-1"},"canonical":"https:\/\/www.lorettadenarditraduzioni.it\/es\/cursos-de-idiomas\/","og_locale":"es_ES","og_type":"article","og_title":"Cursos de idiomas - Loretta De Nardi - Traduttrice e interprete","og_description":"Cursos abiertos a todos Los cursos est\u00e1n abiertos a todos los que desean aprender un idioma extranjero o perfeccionar sus conocimientos de un idioma","og_url":"https:\/\/www.lorettadenarditraduzioni.it\/es\/cursos-de-idiomas\/","og_site_name":"Loretta De Nardi","article_modified_time":"2025-09-29T10:38:14+00:00","twitter_card":"summary_large_image","twitter_misc":{"Tiempo de lectura":"4 minutos"},"schema":{"@context":"https:\/\/schema.org","@graph":[{"@type":"WebPage","@id":"https:\/\/www.lorettadenarditraduzioni.it\/es\/cursos-de-idiomas\/","url":"https:\/\/www.lorettadenarditraduzioni.it\/es\/cursos-de-idiomas\/","name":"Cursos de idiomas - Loretta De Nardi - Traduttrice e interprete","isPartOf":{"@id":"https:\/\/www.lorettadenarditraduzioni.it\/es\/#website"},"datePublished":"2020-12-17T14:54:47+00:00","dateModified":"2025-09-29T10:38:14+00:00","description":"Cursos abiertos a todos Los cursos est\u00e1n abiertos a todos los que desean aprender un idioma extranjero o perfeccionar sus conocimientos de un idioma","breadcrumb":{"@id":"https:\/\/www.lorettadenarditraduzioni.it\/es\/cursos-de-idiomas\/#breadcrumb"},"inLanguage":"es","potentialAction":[{"@type":"ReadAction","target":["https:\/\/www.lorettadenarditraduzioni.it\/es\/cursos-de-idiomas\/"]}]},{"@type":"BreadcrumbList","@id":"https:\/\/www.lorettadenarditraduzioni.it\/es\/cursos-de-idiomas\/#breadcrumb","itemListElement":[{"@type":"ListItem","position":1,"name":"Home","item":"https:\/\/www.lorettadenarditraduzioni.it\/es\/"},{"@type":"ListItem","position":2,"name":"Cursos de idiomas"}]},{"@type":"WebSite","@id":"https:\/\/www.lorettadenarditraduzioni.it\/es\/#website","url":"https:\/\/www.lorettadenarditraduzioni.it\/es\/","name":"Loretta De Nardi","description":"Traduttrice e interprete","publisher":{"@id":"https:\/\/www.lorettadenarditraduzioni.it\/es\/#organization"},"potentialAction":[{"@type":"SearchAction","target":{"@type":"EntryPoint","urlTemplate":"https:\/\/www.lorettadenarditraduzioni.it\/es\/?s={search_term_string}"},"query-input":{"@type":"PropertyValueSpecification","valueRequired":true,"valueName":"search_term_string"}}],"inLanguage":"es"},{"@type":"Organization","@id":"https:\/\/www.lorettadenarditraduzioni.it\/es\/#organization","name":"Loretta De Nardi - Traduttrice e interprete","url":"https:\/\/www.lorettadenarditraduzioni.it\/es\/","logo":{"@type":"ImageObject","inLanguage":"es","@id":"https:\/\/www.lorettadenarditraduzioni.it\/es\/#\/schema\/logo\/image\/","url":"http:\/\/www.lorettadenarditraduzioni.it\/wp-content\/uploads\/lorettadenardi-logo-scuro-small.png","contentUrl":"http:\/\/www.lorettadenarditraduzioni.it\/wp-content\/uploads\/lorettadenardi-logo-scuro-small.png","width":218,"height":60,"caption":"Loretta De Nardi - Traduttrice e interprete"},"image":{"@id":"https:\/\/www.lorettadenarditraduzioni.it\/es\/#\/schema\/logo\/image\/"}}]}},"_links":{"self":[{"href":"https:\/\/www.lorettadenarditraduzioni.it\/es\/wp-json\/wp\/v2\/pages\/8606","targetHints":{"allow":["GET"]}}],"collection":[{"href":"https:\/\/www.lorettadenarditraduzioni.it\/es\/wp-json\/wp\/v2\/pages"}],"about":[{"href":"https:\/\/www.lorettadenarditraduzioni.it\/es\/wp-json\/wp\/v2\/types\/page"}],"author":[{"embeddable":true,"href":"https:\/\/www.lorettadenarditraduzioni.it\/es\/wp-json\/wp\/v2\/users\/1"}],"replies":[{"embeddable":true,"href":"https:\/\/www.lorettadenarditraduzioni.it\/es\/wp-json\/wp\/v2\/comments?post=8606"}],"version-history":[{"count":4,"href":"https:\/\/www.lorettadenarditraduzioni.it\/es\/wp-json\/wp\/v2\/pages\/8606\/revisions"}],"predecessor-version":[{"id":9179,"href":"https:\/\/www.lorettadenarditraduzioni.it\/es\/wp-json\/wp\/v2\/pages\/8606\/revisions\/9179"}],"wp:attachment":[{"href":"https:\/\/www.lorettadenarditraduzioni.it\/es\/wp-json\/wp\/v2\/media?parent=8606"}],"curies":[{"name":"wp","href":"https:\/\/api.w.org\/{rel}","templated":true}]}}