{"id":8611,"date":"2020-12-29T18:41:07","date_gmt":"2020-12-29T17:41:07","guid":{"rendered":"https:\/\/www.lorettadenarditraduzioni.it\/cursos-de-idiomas\/tutoring-linguistico\/"},"modified":"2025-09-12T12:34:58","modified_gmt":"2025-09-12T10:34:58","slug":"tutoria-linguistica","status":"publish","type":"page","link":"https:\/\/www.lorettadenarditraduzioni.it\/es\/cursos-de-idiomas\/tutoria-linguistica\/","title":{"rendered":"Tutor\u00eda ling\u00fc\u00edstica"},"content":{"rendered":"<p>[vc_row content_width=\"grid\"][vc_column]\n<div id=\"ersspace-1\"><\/div><style type=\"text\/css\">#ersspace-1 { height: 100px; }\n@media handheld, only screen and (max-width: 767px) {\n\t#ersspace-1 { height: 0px; }\n}<\/style>[\/vc_column][\/vc_row][vc_row content_width=\"grid\" el_class=\"ldn-obiettivi-odd\"][vc_column offset=\"vc_col-lg-6 vc_col-md-6\"][vc_column_text css_animation=\"fadeInLeftBig\"]<\/p>\n<h2>Servicios ofrecidos<\/h2>\n<p>[\/vc_column_text][vc_empty_space height=\"20px\"][\/vc_column][vc_column offset=\"vc_col-lg-6 vc_col-md-6\"]<div class=\"edgtf-unordered-list  edgtf-circle\" >\n<ul>\n<li>Preparaci\u00f3n para ex\u00e1menes universitarios en lengua extranjera e italiana<\/li>\n<li>Revisi\u00f3n de tesinas de licenciatura en lengua extranjera e italiana<\/li>\n<li>Revisi\u00f3n de curr\u00edculum vitae en lengua extranjera e italiana<\/li>\n<li>Preparaci\u00f3n para entrevistas de trabajo en lengua extranjera e italiana<\/li>\n<li>Preparaci\u00f3n de cartas y textos de presentaci\u00f3n en lengua extranjera e italiana<\/li>\n<\/ul>\n<\/div>[vc_empty_space height=\"40px\"][\/vc_column][\/vc_row][vc_row][vc_column][vc_raw_html]JTVCaW5zZXJ0JTIwcGFnZSUzRCUyN19mb3JtLWdlbmVyaWNvJTI3JTIwZGlzcGxheSUzRCUyN2NvbnRlbnQlMjclNUQ=[\/vc_raw_html][\/vc_column][\/vc_row]<\/p>\n","protected":false},"excerpt":{"rendered":"<p>[vc_row content_width=\"grid\"][vc_column][\/vc_column][\/vc_row][vc_row content_width=\"grid\" el_class=\"ldn-obiettivi-odd\"][vc_column offset=\"vc_col-lg-6 vc_col-md-6\"][vc_column_text css_animation=\"fadeInLeftBig\"] Servicios ofrecidos [\/vc_column_text][vc_empty_space height=\"20px\"][\/vc_column][vc_column offset=\"vc_col-lg-6 vc_col-md-6\"][vc_empty_space height=\"40px\"][\/vc_column][\/vc_row][vc_row][vc_column][vc_raw_html]JTVCaW5zZXJ0JTIwcGFnZSUzRCUyN19mb3JtLWdlbmVyaWNvJTI3JTIwZGlzcGxheSUzRCUyN2NvbnRlbnQlMjclNUQ=[\/vc_raw_html][\/vc_column][\/vc_row]<\/p>\n","protected":false},"author":1,"featured_media":0,"parent":8606,"menu_order":0,"comment_status":"closed","ping_status":"closed","template":"full-width.php","meta":{"footnotes":""},"class_list":["post-8611","page","type-page","status-publish","hentry"],"yoast_head":"<!-- This site is optimized with the Yoast SEO plugin v27.5 - https:\/\/yoast.com\/product\/yoast-seo-wordpress\/ -->\n<title>Tutor\u00eda ling\u00fc\u00edstica - Loretta De Nardi - Traduttrice e interprete<\/title>\n<meta name=\"description\" content=\"Servicios ofrecidos JTVCaW5zZXJ0JTIwcGFnZSUzRCUyN19mb3JtLWdlbmVyaWNvJTI3JTIwZGlzcGxheSUzRCUyN2NvbnRlbnQlMjclNUQ=\" \/>\n<meta name=\"robots\" content=\"index, follow, max-snippet:-1, max-image-preview:large, max-video-preview:-1\" \/>\n<link rel=\"canonical\" href=\"https:\/\/www.lorettadenarditraduzioni.it\/es\/cursos-de-idiomas\/tutoria-linguistica\/\" \/>\n<meta property=\"og:locale\" content=\"es_ES\" \/>\n<meta property=\"og:type\" content=\"article\" \/>\n<meta property=\"og:title\" content=\"Tutor\u00eda ling\u00fc\u00edstica - Loretta De Nardi - Traduttrice e interprete\" \/>\n<meta property=\"og:description\" content=\"Servicios ofrecidos JTVCaW5zZXJ0JTIwcGFnZSUzRCUyN19mb3JtLWdlbmVyaWNvJTI3JTIwZGlzcGxheSUzRCUyN2NvbnRlbnQlMjclNUQ=\" \/>\n<meta property=\"og:url\" content=\"https:\/\/www.lorettadenarditraduzioni.it\/es\/cursos-de-idiomas\/tutoria-linguistica\/\" \/>\n<meta property=\"og:site_name\" content=\"Loretta De Nardi\" \/>\n<meta property=\"article:modified_time\" content=\"2025-09-12T10:34:58+00:00\" \/>\n<meta name=\"twitter:card\" content=\"summary_large_image\" \/>\n<meta name=\"twitter:label1\" content=\"Tiempo de lectura\" \/>\n\t<meta name=\"twitter:data1\" content=\"1 minuto\" \/>\n<script type=\"application\/ld+json\" class=\"yoast-schema-graph\">{\"@context\":\"https:\\\/\\\/schema.org\",\"@graph\":[{\"@type\":\"WebPage\",\"@id\":\"https:\\\/\\\/www.lorettadenarditraduzioni.it\\\/es\\\/cursos-de-idiomas\\\/tutoria-linguistica\\\/\",\"url\":\"https:\\\/\\\/www.lorettadenarditraduzioni.it\\\/es\\\/cursos-de-idiomas\\\/tutoria-linguistica\\\/\",\"name\":\"Tutor\u00eda ling\u00fc\u00edstica - Loretta De Nardi - Traduttrice e interprete\",\"isPartOf\":{\"@id\":\"http:\\\/\\\/www.lorettadenarditraduzioni.it\\\/es\\\/#website\"},\"datePublished\":\"2020-12-29T17:41:07+00:00\",\"dateModified\":\"2025-09-12T10:34:58+00:00\",\"description\":\"Servicios ofrecidos JTVCaW5zZXJ0JTIwcGFnZSUzRCUyN19mb3JtLWdlbmVyaWNvJTI3JTIwZGlzcGxheSUzRCUyN2NvbnRlbnQlMjclNUQ=\",\"breadcrumb\":{\"@id\":\"https:\\\/\\\/www.lorettadenarditraduzioni.it\\\/es\\\/cursos-de-idiomas\\\/tutoria-linguistica\\\/#breadcrumb\"},\"inLanguage\":\"es\",\"potentialAction\":[{\"@type\":\"ReadAction\",\"target\":[\"https:\\\/\\\/www.lorettadenarditraduzioni.it\\\/es\\\/cursos-de-idiomas\\\/tutoria-linguistica\\\/\"]}]},{\"@type\":\"BreadcrumbList\",\"@id\":\"https:\\\/\\\/www.lorettadenarditraduzioni.it\\\/es\\\/cursos-de-idiomas\\\/tutoria-linguistica\\\/#breadcrumb\",\"itemListElement\":[{\"@type\":\"ListItem\",\"position\":1,\"name\":\"Home\",\"item\":\"https:\\\/\\\/www.lorettadenarditraduzioni.it\\\/es\\\/\"},{\"@type\":\"ListItem\",\"position\":2,\"name\":\"Cursos de idiomas\",\"item\":\"https:\\\/\\\/www.lorettadenarditraduzioni.it\\\/es\\\/cursos-de-idiomas\\\/\"},{\"@type\":\"ListItem\",\"position\":3,\"name\":\"Tutor\u00eda ling\u00fc\u00edstica\"}]},{\"@type\":\"WebSite\",\"@id\":\"http:\\\/\\\/www.lorettadenarditraduzioni.it\\\/es\\\/#website\",\"url\":\"http:\\\/\\\/www.lorettadenarditraduzioni.it\\\/es\\\/\",\"name\":\"Loretta De Nardi\",\"description\":\"Traduttrice e interprete\",\"publisher\":{\"@id\":\"http:\\\/\\\/www.lorettadenarditraduzioni.it\\\/es\\\/#organization\"},\"potentialAction\":[{\"@type\":\"SearchAction\",\"target\":{\"@type\":\"EntryPoint\",\"urlTemplate\":\"http:\\\/\\\/www.lorettadenarditraduzioni.it\\\/es\\\/?s={search_term_string}\"},\"query-input\":{\"@type\":\"PropertyValueSpecification\",\"valueRequired\":true,\"valueName\":\"search_term_string\"}}],\"inLanguage\":\"es\"},{\"@type\":\"Organization\",\"@id\":\"http:\\\/\\\/www.lorettadenarditraduzioni.it\\\/es\\\/#organization\",\"name\":\"Loretta De Nardi - Traduttrice e interprete\",\"url\":\"http:\\\/\\\/www.lorettadenarditraduzioni.it\\\/es\\\/\",\"logo\":{\"@type\":\"ImageObject\",\"inLanguage\":\"es\",\"@id\":\"http:\\\/\\\/www.lorettadenarditraduzioni.it\\\/es\\\/#\\\/schema\\\/logo\\\/image\\\/\",\"url\":\"http:\\\/\\\/www.lorettadenarditraduzioni.it\\\/wp-content\\\/uploads\\\/lorettadenardi-logo-scuro-small.png\",\"contentUrl\":\"http:\\\/\\\/www.lorettadenarditraduzioni.it\\\/wp-content\\\/uploads\\\/lorettadenardi-logo-scuro-small.png\",\"width\":218,\"height\":60,\"caption\":\"Loretta De Nardi - Traduttrice e interprete\"},\"image\":{\"@id\":\"http:\\\/\\\/www.lorettadenarditraduzioni.it\\\/es\\\/#\\\/schema\\\/logo\\\/image\\\/\"}}]}<\/script>\n<!-- \/ Yoast SEO plugin. -->","yoast_head_json":{"title":"Tutor\u00eda ling\u00fc\u00edstica - Loretta De Nardi - Traduttrice e interprete","description":"Servicios ofrecidos JTVCaW5zZXJ0JTIwcGFnZSUzRCUyN19mb3JtLWdlbmVyaWNvJTI3JTIwZGlzcGxheSUzRCUyN2NvbnRlbnQlMjclNUQ=","robots":{"index":"index","follow":"follow","max-snippet":"max-snippet:-1","max-image-preview":"max-image-preview:large","max-video-preview":"max-video-preview:-1"},"canonical":"https:\/\/www.lorettadenarditraduzioni.it\/es\/cursos-de-idiomas\/tutoria-linguistica\/","og_locale":"es_ES","og_type":"article","og_title":"Tutor\u00eda ling\u00fc\u00edstica - Loretta De Nardi - Traduttrice e interprete","og_description":"Servicios ofrecidos JTVCaW5zZXJ0JTIwcGFnZSUzRCUyN19mb3JtLWdlbmVyaWNvJTI3JTIwZGlzcGxheSUzRCUyN2NvbnRlbnQlMjclNUQ=","og_url":"https:\/\/www.lorettadenarditraduzioni.it\/es\/cursos-de-idiomas\/tutoria-linguistica\/","og_site_name":"Loretta De Nardi","article_modified_time":"2025-09-12T10:34:58+00:00","twitter_card":"summary_large_image","twitter_misc":{"Tiempo de lectura":"1 minuto"},"schema":{"@context":"https:\/\/schema.org","@graph":[{"@type":"WebPage","@id":"https:\/\/www.lorettadenarditraduzioni.it\/es\/cursos-de-idiomas\/tutoria-linguistica\/","url":"https:\/\/www.lorettadenarditraduzioni.it\/es\/cursos-de-idiomas\/tutoria-linguistica\/","name":"Tutor\u00eda ling\u00fc\u00edstica - Loretta De Nardi - Traduttrice e interprete","isPartOf":{"@id":"http:\/\/www.lorettadenarditraduzioni.it\/es\/#website"},"datePublished":"2020-12-29T17:41:07+00:00","dateModified":"2025-09-12T10:34:58+00:00","description":"Servicios ofrecidos JTVCaW5zZXJ0JTIwcGFnZSUzRCUyN19mb3JtLWdlbmVyaWNvJTI3JTIwZGlzcGxheSUzRCUyN2NvbnRlbnQlMjclNUQ=","breadcrumb":{"@id":"https:\/\/www.lorettadenarditraduzioni.it\/es\/cursos-de-idiomas\/tutoria-linguistica\/#breadcrumb"},"inLanguage":"es","potentialAction":[{"@type":"ReadAction","target":["https:\/\/www.lorettadenarditraduzioni.it\/es\/cursos-de-idiomas\/tutoria-linguistica\/"]}]},{"@type":"BreadcrumbList","@id":"https:\/\/www.lorettadenarditraduzioni.it\/es\/cursos-de-idiomas\/tutoria-linguistica\/#breadcrumb","itemListElement":[{"@type":"ListItem","position":1,"name":"Home","item":"https:\/\/www.lorettadenarditraduzioni.it\/es\/"},{"@type":"ListItem","position":2,"name":"Cursos de idiomas","item":"https:\/\/www.lorettadenarditraduzioni.it\/es\/cursos-de-idiomas\/"},{"@type":"ListItem","position":3,"name":"Tutor\u00eda ling\u00fc\u00edstica"}]},{"@type":"WebSite","@id":"http:\/\/www.lorettadenarditraduzioni.it\/es\/#website","url":"http:\/\/www.lorettadenarditraduzioni.it\/es\/","name":"Loretta De Nardi","description":"Traduttrice e interprete","publisher":{"@id":"http:\/\/www.lorettadenarditraduzioni.it\/es\/#organization"},"potentialAction":[{"@type":"SearchAction","target":{"@type":"EntryPoint","urlTemplate":"http:\/\/www.lorettadenarditraduzioni.it\/es\/?s={search_term_string}"},"query-input":{"@type":"PropertyValueSpecification","valueRequired":true,"valueName":"search_term_string"}}],"inLanguage":"es"},{"@type":"Organization","@id":"http:\/\/www.lorettadenarditraduzioni.it\/es\/#organization","name":"Loretta De Nardi - Traduttrice e interprete","url":"http:\/\/www.lorettadenarditraduzioni.it\/es\/","logo":{"@type":"ImageObject","inLanguage":"es","@id":"http:\/\/www.lorettadenarditraduzioni.it\/es\/#\/schema\/logo\/image\/","url":"http:\/\/www.lorettadenarditraduzioni.it\/wp-content\/uploads\/lorettadenardi-logo-scuro-small.png","contentUrl":"http:\/\/www.lorettadenarditraduzioni.it\/wp-content\/uploads\/lorettadenardi-logo-scuro-small.png","width":218,"height":60,"caption":"Loretta De Nardi - Traduttrice e interprete"},"image":{"@id":"http:\/\/www.lorettadenarditraduzioni.it\/es\/#\/schema\/logo\/image\/"}}]}},"_links":{"self":[{"href":"https:\/\/www.lorettadenarditraduzioni.it\/es\/wp-json\/wp\/v2\/pages\/8611","targetHints":{"allow":["GET"]}}],"collection":[{"href":"https:\/\/www.lorettadenarditraduzioni.it\/es\/wp-json\/wp\/v2\/pages"}],"about":[{"href":"https:\/\/www.lorettadenarditraduzioni.it\/es\/wp-json\/wp\/v2\/types\/page"}],"author":[{"embeddable":true,"href":"https:\/\/www.lorettadenarditraduzioni.it\/es\/wp-json\/wp\/v2\/users\/1"}],"replies":[{"embeddable":true,"href":"https:\/\/www.lorettadenarditraduzioni.it\/es\/wp-json\/wp\/v2\/comments?post=8611"}],"version-history":[{"count":1,"href":"https:\/\/www.lorettadenarditraduzioni.it\/es\/wp-json\/wp\/v2\/pages\/8611\/revisions"}],"predecessor-version":[{"id":8612,"href":"https:\/\/www.lorettadenarditraduzioni.it\/es\/wp-json\/wp\/v2\/pages\/8611\/revisions\/8612"}],"up":[{"embeddable":true,"href":"https:\/\/www.lorettadenarditraduzioni.it\/es\/wp-json\/wp\/v2\/pages\/8606"}],"wp:attachment":[{"href":"https:\/\/www.lorettadenarditraduzioni.it\/es\/wp-json\/wp\/v2\/media?parent=8611"}],"curies":[{"name":"wp","href":"https:\/\/api.w.org\/{rel}","templated":true}]}}