{"id":8709,"date":"2020-12-17T15:54:47","date_gmt":"2020-12-17T14:54:47","guid":{"rendered":"https:\/\/www.lorettadenarditraduzioni.it\/corsi-di-lingue\/"},"modified":"2025-09-29T12:39:25","modified_gmt":"2025-09-29T10:39:25","slug":"cours-de-langues","status":"publish","type":"page","link":"https:\/\/www.lorettadenarditraduzioni.it\/fr\/cours-de-langues\/","title":{"rendered":"Cours de langues"},"content":{"rendered":"<p>[vc_row content_width=\"grid\"][vc_column]\n<div id=\"ersspace-1\"><\/div><style type=\"text\/css\">#ersspace-1 { height: 100px; }\n@media handheld, only screen and (max-width: 767px) {\n\t#ersspace-1 { height: 00px; }\n}<\/style>[\/vc_column][\/vc_row][vc_row content_width=\"grid\" el_class=\"ldn-corsi-odd\"][vc_column offset=\"vc_col-lg-6 vc_col-md-6\"][vc_column_text css_animation=\"fadeInLeftBig\"]<\/p>\n<h2>Cours ouverts \u00e0 tous<\/h2>\n<p>[\/vc_column_text][vc_empty_space height=\"20px\"][\/vc_column][vc_column offset=\"vc_col-lg-6 vc_col-md-6\"][vc_column_text]Les cours sont ouverts \u00e0 tous ceux qui souhaitent apprendre une langue \u00e9trang\u00e8re ou perfectionner la connaissance d\u2019une langue \u00e9trang\u00e8re d\u00e9j\u00e0 connue et ont pour but de cr\u00e9er et d\u00e9velopper des comp\u00e9tences communicatives selon la m\u00e9thodologie didactique et les objectifs indiqu\u00e9s dans le CECRL (Cadre europ\u00e9en commun de r\u00e9f\u00e9rence pour les langues).<br \/>\n[\/vc_column_text][vc_empty_space height=\"40px\"][\/vc_column][\/vc_row][vc_row content_width=\"grid\" el_class=\"ldn-corsi-even\"][vc_column offset=\"vc_col-lg-6 vc_col-md-6\" el_class=\"vc_col-md-push-6\"][vc_column_text css_animation=\"fadeInRightBig\"]<\/p>\n<h2>Cours individuels et cours de groupe<\/h2>\n<p>[\/vc_column_text][vc_empty_space height=\"20px\"][\/vc_column][vc_column offset=\"vc_col-lg-6 vc_col-md-6\" el_class=\"vc_col-md-pull-6\"][vc_column_text]Soit les cours individuels soit les cours de groupe offrent des parcours d\u2019enseignement personnalis\u00e9s, bas\u00e9s sur une approche \u00e9quilibr\u00e9e entre fonctions communicatives, ma\u00eetrise des structures grammaticales et syntaxiques et propri\u00e9t\u00e9 lexicale. Les th\u00e8mes des cours de langue professionnelle et commerciale sont inh\u00e9rents \u00e0 un secteur acad\u00e9mique ou professionnel sp\u00e9cifique, tandis que les th\u00e8mes des cours de langue g\u00e9n\u00e9rale s'inspirent principalement de l'actualit\u00e9 ou de sujets d'int\u00e9r\u00eat commun (us et coutumes, culture, voyages, sport, loisirs).[\/vc_column_text][vc_empty_space height=\"40px\"][\/vc_column][\/vc_row][vc_row content_width=\"grid\" el_class=\"ldn-corsi-odd\"][vc_column offset=\"vc_col-lg-6 vc_col-md-6\"][vc_column_text css_animation=\"fadeInLeftBig\"]<\/p>\n<h2>Dur\u00e9e des cours, pr\u00e9sence aux cours et horaires flexibles<\/h2>\n<p>[\/vc_column_text][vc_empty_space height=\"20px\"][\/vc_column][vc_column offset=\"vc_col-lg-6 vc_col-md-6\"][vc_column_text]La dur\u00e9e et la pr\u00e9sence aux cours d\u00e9pendent de la langue choisie, des comp\u00e9tences et des habilit\u00e9s linguistiques d\u00e9j\u00e0 poss\u00e9d\u00e9es par les \u00e9tudiants dans la langue \u00e9trang\u00e8re ou l\u2019italien, de leur capacit\u00e9 \u00e0 faire de progr\u00e8s linguistiques et du niveau linguistique et culturel qu\u2019ils visent \u00e0 atteindre.<br \/>\nSoit les cours individuels soit les cours de groupe sont organis\u00e9s en fonction du temps dont les \u00e9tudiants disposent. Les cours de groupe se d\u00e9roulent de pr\u00e9f\u00e9rence en d\u00e9but de soir\u00e9e ou en soir\u00e9e pour permettre aux \u00e9tudiants-travailleurs de participer r\u00e9guli\u00e8rement aux cours selon un calendrier hebdomadaire qui sera d\u00e9fini avec l'enseignant.[\/vc_column_text][vc_empty_space height=\"40px\"][\/vc_column][\/vc_row][vc_row content_width=\"grid\" el_class=\"ldn-corsi-even\"][vc_column offset=\"vc_col-lg-6 vc_col-md-6\" el_class=\"vc_col-md-push-6\"][vc_column_text css_animation=\"fadeInRightBig\"]<\/p>\n<h2>Premi\u00e8re le\u00e7on d\u2019introduction gratuite<\/h2>\n<p>[\/vc_column_text][vc_empty_space height=\"20px\"][\/vc_column][vc_column offset=\"vc_col-lg-6 vc_col-md-6\" el_class=\"vc_col-md-pull-6\"][vc_column_text]Tous les cours pr\u00e9voient une premi\u00e8re le\u00e7on d\u2019introduction gratuite de soixante minutes, qui comprend un entretien-entrevue et un test de v\u00e9rification du niveau de langue r\u00e9ellement poss\u00e9d\u00e9 par les \u00e9tudiants. \u00c0 cette occasion, les besoins de formation des \u00e9tudiants seront identifi\u00e9s et le parcours d\u2019enseignement, qui sera personnalis\u00e9 pour tous les cours, avec une attention particuli\u00e8re aux objectifs de sp\u00e9cificit\u00e9 pour les cours individuels et d\u2019homog\u00e9n\u00e9it\u00e9 pour les cours de groupe, sera \u00e9galement d\u00e9fini en collaboration avec les \u00e9tudiants.<br \/>\n[\/vc_column_text][vc_empty_space height=\"40px\"][\/vc_column][\/vc_row][vc_row content_width=\"grid\" el_class=\"ldn-corsi-odd\"][vc_column offset=\"vc_col-lg-6 vc_col-md-6\"][vc_column_text css_animation=\"fadeInLeftBig\"]<\/p>\n<h2>Test de v\u00e9rification initial, interm\u00e9diaire et final<\/h2>\n<p>[\/vc_column_text][vc_empty_space height=\"20px\"][\/vc_column][vc_column offset=\"vc_col-lg-6 vc_col-md-6\"][vc_column_text]Le test de v\u00e9rification initial sera suivi d\u2019un test de v\u00e9rification interm\u00e9diaire qui a pour fonction de contr\u00f4ler la qualit\u00e9 du processus d\u2019apprentissage des \u00e9tudiants et de d\u00e9tecter des lacunes \u00e0 combler. \u00c0 la fin du cours, une \u00e9preuve finale est propos\u00e9e afin d\u2019\u00e9valuer l\u2019apprentissage r\u00e9el par les \u00e9tudiants des sujets abord\u00e9s pendant le cours et de d\u00e9terminer l\u2019atteinte de l\u2019objectif linguistique et culturel initialement demand\u00e9. Apr\u00e8s la r\u00e9ussite de l\u2019examen final, un formulaire d\u2019\u00e9valuation globale et un certificat de pr\u00e9sence concernant le niveau des connaissances et des comp\u00e9tences linguistiques et culturelles atteint par chaque \u00e9tudiant sont d\u00e9livr\u00e9s.<br \/>\n[\/vc_column_text][vc_empty_space height=\"40px\"][\/vc_column][\/vc_row][vc_row content_width=\"grid\" css=\".vc_custom_1610537310481{background-color: #f8f8f8 !important;}\" el_id=\"r1\"][vc_column width=\"2\/3\" offset=\"vc_col-sm-offset-2\"]\n<div id=\"ersspace-2\"><\/div><style type=\"text\/css\">#ersspace-2 { height: 100px; }\n@media handheld, only screen and (max-width: 767px) {\n\t#ersspace-2 { height: 40px; }\n}<\/style>[vc_raw_html]JTNDZGl2JTIwY2xhc3MlM0QlMjJsZG4tbGluZ3VlLWlucyUyMiUzRSUwQSUyMCUyMCUzQ2RpdiUyMGNsYXNzJTNEJTIycmlnYSUyMiUzRSUwQSUyMCUyMCUyMCUyMCUzQ2RpdiUyMGNsYXNzJTNEJTIybGRuLWxpbmd1ZS10aXQlMjIlM0VMYW5ndWVzJTIwZCVFMiU4MCU5OWVuc2VpZ25lbWVudCUwQSUzQyUyRmRpdiUzRSUwQSUyMCUyMCUyMCUyMCUzQ2RpdiUyMGNsYXNzJTNEJTIybGRuLWxpbmd1ZS1jb3JzaSUyMGNsZWFyZml4JTIyJTNFJTBBJTIwJTIwJTIwJTIwJTIwJTIwJTNDZGl2JTIwY2xhc3MlM0QlMjJzaW5nLWNvcnNvJTIyJTNFUlVTU0UlMEElM0MlMkZkaXYlM0UlMEElMjAlMjAlMjAlMjAlMjAlMjAlM0NkaXYlMjBjbGFzcyUzRCUyMnNpbmctY29yc28lMjIlM0VBTkdMQUlTJTBBJTNDJTJGZGl2JTNFJTBBJTIwJTIwJTIwJTIwJTIwJTIwJTNDZGl2JTIwY2xhc3MlM0QlMjJzaW5nLWNvcnNvJTIyJTNFRlJBTiVDMyU4N0FJUyUwQSUzQyUyRmRpdiUzRSUwQSUyMCUyMCUyMCUyMCUyMCUyMCUzQ2RpdiUyMGNsYXNzJTNEJTIyc2luZy1jb3JzbyUyMiUzRUVTUEFHTk9MJTBBJTNDJTJGZGl2JTNFJTBBJTIwJTIwJTIwJTIwJTIwJTIwJTNDZGl2JTIwY2xhc3MlM0QlMjJzaW5nLWNvcnNvJTIyJTNFSVRBTElFTiUwQSUzQyUyRmRpdiUzRSUwQSUyMCUyMCUyMCUyMCUzQyUyRmRpdiUzRSUwQSUyMCUyMCUzQyUyRmRpdiUzRSUwQSUyMCUyMCUzQ2RpdiUyMGNsYXNzJTNEJTIycmlnYSUyMiUzRSUwQSUyMCUyMCUyMCUyMCUzQ2RpdiUyMGNsYXNzJTNEJTIybGRuLWxpbmd1ZS10aXQlMjIlM0VOaXZlYXV4JTIwZCVFMiU4MCU5OWVuc2VpZ25lbWVudCUwQSUzQyUyRmRpdiUzRSUwQSUyMCUyMCUyMCUyMCUzQ2RpdiUyMGNsYXNzJTNEJTIybGRuLWxpbmd1ZS1jb3JzaSUyMGNsZWFyZml4JTIyJTNFJTBBJTIwJTIwJTIwJTIwJTIwJTIwJTNDZGl2JTIwY2xhc3MlM0QlMjJzaW5nLWNvcnNvJTIyJTNFUlVTU0UlM0NzcGFuJTNFQTElMkZBMiUyQyUyMEIxJTJGQjIlMkMlMjBDMSUyRkMyJTNDJTJGc3BhbiUzRSUzQyUyRmRpdiUzRSUwQSUyMCUyMCUyMCUyMCUyMCUyMCUzQ2RpdiUyMGNsYXNzJTNEJTIyc2luZy1jb3JzbyUyMiUzRUFOR0xBSVMlM0NzcGFuJTNFQTElMkZBMiUyQyUyMEIxJTJGQjIlMkMlMjBDMSUzQyUyRnNwYW4lM0UlM0MlMkZkaXYlM0UlMEElMjAlMjAlMjAlMjAlMjAlMjAlM0NkaXYlMjBjbGFzcyUzRCUyMnNpbmctY29yc28lMjIlM0VGUkFOJUMzJTg3QUlTJTNDc3BhbiUzRUExJTJGQTIlMkMlMjBCMSUyRkIyJTNDJTJGc3BhbiUzRSUzQyUyRmRpdiUzRSUwQSUyMCUyMCUyMCUyMCUyMCUyMCUzQ2RpdiUyMGNsYXNzJTNEJTIyc2luZy1jb3JzbyUyMiUzRUVTUEFHTk9MJTNDc3BhbiUzRUExJTJGQTIlMkMlMjBCMSUyRkIyJTNDJTJGc3BhbiUzRSUzQyUyRmRpdiUzRSUwQSUyMCUyMCUyMCUyMCUyMCUyMCUzQ2RpdiUyMGNsYXNzJTNEJTIyc2luZy1jb3JzbyUyMiUzRUlUQUxJRU4lM0NzcGFuJTNFQTElMkZBMiUyQyUyMEIxJTJGQjIlMkMlMjBDMSUyRkMyJTNDJTJGc3BhbiUzRSUzQyUyRmRpdiUzRSUwQSUyMCUyMCUyMCUyMCUzQyUyRmRpdiUzRSUwQSUyMCUyMCUzQyUyRmRpdiUzRSUwQSUzQyUyRmRpdiUzRQ==[\/vc_raw_html][vc_raw_html el_id=\"r2\"][\/vc_raw_html]\n<div id=\"ersspace-3\"><\/div><style type=\"text\/css\">#ersspace-3 { height: 100px; }\n@media handheld, only screen and (max-width: 767px) {\n\t#ersspace-3 { height: 40px; }\n}<\/style>[\/vc_column][\/vc_row][vc_row content_width=\"grid\" el_class=\"ldn-corsi-odd\"][vc_column offset=\"vc_col-lg-6 vc_col-md-6\"][vc_column_text css_animation=\"fadeInLeftBig\"]<\/p>\n<h2>Contenu<\/h2>\n<p>[\/vc_column_text][vc_empty_space height=\"20px\"][\/vc_column][vc_column offset=\"vc_col-lg-6 vc_col-md-6\"]<div class=\"edgtf-unordered-list  edgtf-circle\" >\n<ul>\n<li>Alphabets<\/li>\n<li>Grammaire<\/li>\n<li>Morphologie et syntaxe<\/li>\n<li>Lexique<\/li>\n<li>Phon\u00e9tique<\/li>\n<li>Diction<\/li>\n<li>Lire<\/li>\n<li>\u00c9couter<\/li>\n<li>\u00c9crire<\/li>\n<li>Parler<\/li>\n<li>Culture<\/li>\n<li>Actualit\u00e9<\/li>\n<\/ul>\n<\/div>[vc_raw_html el_id=\"r3\"][\/vc_raw_html][vc_empty_space height=\"40px\"][\/vc_column][\/vc_row][vc_row content_width=\"grid\" el_class=\"ldn-corsi-odd\" css=\".vc_custom_1610539369033{background-color: #f8f8f8 !important;}\"][vc_column offset=\"vc_col-lg-6 vc_col-md-6\"][vc_column_text css_animation=\"fadeInLeftBig\"]<\/p>\n<h2>Mat\u00e9riaux<\/h2>\n<p>[\/vc_column_text][vc_empty_space height=\"20px\"][\/vc_column][vc_column offset=\"vc_col-lg-6 vc_col-md-6\"]<div class=\"edgtf-unordered-list  edgtf-circle\" >\n<ul>\n<li>Publications sp\u00e9cialis\u00e9es<\/li>\n<li>Quotidiens en ligne<\/li>\n<li>Revues du sector<\/li>\n<li>Sites institutionnels<\/li>\n<li>Mat\u00e9riaux audio-vid\u00e9o<\/li>\n<\/ul>\n<\/div>[vc_raw_html el_id=\"r4\"][\/vc_raw_html][vc_empty_space height=\"40px\"][\/vc_column][\/vc_row][vc_row content_width=\"grid\" el_class=\"ldn-corsi-odd padd-20\"][vc_column offset=\"vc_col-lg-6 vc_col-md-6\" css=\".vc_custom_1610544772085{padding-top: 0px !important;}\"][vc_column_text css_animation=\"fadeInLeftBig\"]<\/p>\n<h2>Didactique<\/h2>\n<p>[\/vc_column_text][vc_empty_space height=\"20px\"][\/vc_column][vc_column offset=\"vc_col-lg-6 vc_col-md-6\"][vc_column_text]Le\u00e7ons frontales et interactives de soixante minutes \u00e0 l\u2019aide de mat\u00e9riaux didactiques multim\u00e9dias mis \u00e0 jour et en ligne avec les objectifs du cours et \/ ou livres de classe choisis par l\u2019enseignant ou propos\u00e9s par les \u00e9tudiants, jeux de r\u00f4le formatifs.<br \/>\n[\/vc_column_text][vc_empty_space height=\"40px\"][\/vc_column][\/vc_row][vc_row][vc_column][vc_raw_html]JTVCaW5zZXJ0JTIwcGFnZSUzRCUyN19mb3JtLWdlbmVyaWNvJTI3JTIwZGlzcGxheSUzRCUyN2NvbnRlbnQlMjclNUQ=[\/vc_raw_html][\/vc_column][\/vc_row]<\/p>\n","protected":false},"excerpt":{"rendered":"<p>[vc_row content_width=\"grid\"][vc_column][\/vc_column][\/vc_row][vc_row content_width=\"grid\" el_class=\"ldn-corsi-odd\"][vc_column offset=\"vc_col-lg-6 vc_col-md-6\"][vc_column_text css_animation=\"fadeInLeftBig\"] Cours ouverts \u00e0 tous [\/vc_column_text][vc_empty_space height=\"20px\"][\/vc_column][vc_column offset=\"vc_col-lg-6 vc_col-md-6\"][vc_column_text]Les cours sont ouverts \u00e0 tous ceux qui souhaitent apprendre une langue \u00e9trang\u00e8re ou perfectionner la...<\/p>\n","protected":false},"author":1,"featured_media":0,"parent":0,"menu_order":0,"comment_status":"closed","ping_status":"closed","template":"full-width.php","meta":{"footnotes":""},"class_list":["post-8709","page","type-page","status-publish","hentry"],"yoast_head":"<!-- This site is optimized with the Yoast SEO plugin v27.5 - https:\/\/yoast.com\/product\/yoast-seo-wordpress\/ -->\n<title>Cours de langues - Loretta De Nardi - Traduttrice e interprete<\/title>\n<meta name=\"description\" content=\"Cours ouverts \u00e0 tous Les cours sont ouverts \u00e0 tous ceux qui souhaitent apprendre une langue \u00e9trang\u00e8re ou perfectionner la connaissance d\u2019une langue\" \/>\n<meta name=\"robots\" content=\"index, follow, max-snippet:-1, max-image-preview:large, max-video-preview:-1\" \/>\n<link rel=\"canonical\" href=\"https:\/\/www.lorettadenarditraduzioni.it\/fr\/cours-de-langues\/\" \/>\n<meta property=\"og:locale\" content=\"fr_FR\" \/>\n<meta property=\"og:type\" content=\"article\" \/>\n<meta property=\"og:title\" content=\"Cours de langues - Loretta De Nardi - Traduttrice e interprete\" \/>\n<meta property=\"og:description\" content=\"Cours ouverts \u00e0 tous Les cours sont ouverts \u00e0 tous ceux qui souhaitent apprendre une langue \u00e9trang\u00e8re ou perfectionner la connaissance d\u2019une langue\" \/>\n<meta property=\"og:url\" content=\"https:\/\/www.lorettadenarditraduzioni.it\/fr\/cours-de-langues\/\" \/>\n<meta property=\"og:site_name\" content=\"Loretta De Nardi\" \/>\n<meta property=\"article:modified_time\" content=\"2025-09-29T10:39:25+00:00\" \/>\n<meta name=\"twitter:card\" content=\"summary_large_image\" \/>\n<meta name=\"twitter:label1\" content=\"Dur\u00e9e de lecture estim\u00e9e\" \/>\n\t<meta name=\"twitter:data1\" content=\"4 minutes\" \/>\n<script type=\"application\/ld+json\" class=\"yoast-schema-graph\">{\"@context\":\"https:\\\/\\\/schema.org\",\"@graph\":[{\"@type\":\"WebPage\",\"@id\":\"https:\\\/\\\/www.lorettadenarditraduzioni.it\\\/fr\\\/cours-de-langues\\\/\",\"url\":\"https:\\\/\\\/www.lorettadenarditraduzioni.it\\\/fr\\\/cours-de-langues\\\/\",\"name\":\"Cours de langues - Loretta De Nardi - Traduttrice e interprete\",\"isPartOf\":{\"@id\":\"https:\\\/\\\/www.lorettadenarditraduzioni.it\\\/fr\\\/#website\"},\"datePublished\":\"2020-12-17T14:54:47+00:00\",\"dateModified\":\"2025-09-29T10:39:25+00:00\",\"description\":\"Cours ouverts \u00e0 tous Les cours sont ouverts \u00e0 tous ceux qui souhaitent apprendre une langue \u00e9trang\u00e8re ou perfectionner la connaissance d\u2019une langue\",\"breadcrumb\":{\"@id\":\"https:\\\/\\\/www.lorettadenarditraduzioni.it\\\/fr\\\/cours-de-langues\\\/#breadcrumb\"},\"inLanguage\":\"fr-FR\",\"potentialAction\":[{\"@type\":\"ReadAction\",\"target\":[\"https:\\\/\\\/www.lorettadenarditraduzioni.it\\\/fr\\\/cours-de-langues\\\/\"]}]},{\"@type\":\"BreadcrumbList\",\"@id\":\"https:\\\/\\\/www.lorettadenarditraduzioni.it\\\/fr\\\/cours-de-langues\\\/#breadcrumb\",\"itemListElement\":[{\"@type\":\"ListItem\",\"position\":1,\"name\":\"Home\",\"item\":\"https:\\\/\\\/www.lorettadenarditraduzioni.it\\\/fr\\\/\"},{\"@type\":\"ListItem\",\"position\":2,\"name\":\"Cours de langues\"}]},{\"@type\":\"WebSite\",\"@id\":\"https:\\\/\\\/www.lorettadenarditraduzioni.it\\\/fr\\\/#website\",\"url\":\"https:\\\/\\\/www.lorettadenarditraduzioni.it\\\/fr\\\/\",\"name\":\"Loretta De Nardi\",\"description\":\"Traduttrice e interprete\",\"publisher\":{\"@id\":\"https:\\\/\\\/www.lorettadenarditraduzioni.it\\\/fr\\\/#organization\"},\"potentialAction\":[{\"@type\":\"SearchAction\",\"target\":{\"@type\":\"EntryPoint\",\"urlTemplate\":\"https:\\\/\\\/www.lorettadenarditraduzioni.it\\\/fr\\\/?s={search_term_string}\"},\"query-input\":{\"@type\":\"PropertyValueSpecification\",\"valueRequired\":true,\"valueName\":\"search_term_string\"}}],\"inLanguage\":\"fr-FR\"},{\"@type\":\"Organization\",\"@id\":\"https:\\\/\\\/www.lorettadenarditraduzioni.it\\\/fr\\\/#organization\",\"name\":\"Loretta De Nardi - Traduttrice e interprete\",\"url\":\"https:\\\/\\\/www.lorettadenarditraduzioni.it\\\/fr\\\/\",\"logo\":{\"@type\":\"ImageObject\",\"inLanguage\":\"fr-FR\",\"@id\":\"https:\\\/\\\/www.lorettadenarditraduzioni.it\\\/fr\\\/#\\\/schema\\\/logo\\\/image\\\/\",\"url\":\"http:\\\/\\\/www.lorettadenarditraduzioni.it\\\/wp-content\\\/uploads\\\/lorettadenardi-logo-scuro-small.png\",\"contentUrl\":\"http:\\\/\\\/www.lorettadenarditraduzioni.it\\\/wp-content\\\/uploads\\\/lorettadenardi-logo-scuro-small.png\",\"width\":218,\"height\":60,\"caption\":\"Loretta De Nardi - Traduttrice e interprete\"},\"image\":{\"@id\":\"https:\\\/\\\/www.lorettadenarditraduzioni.it\\\/fr\\\/#\\\/schema\\\/logo\\\/image\\\/\"}}]}<\/script>\n<!-- \/ Yoast SEO plugin. -->","yoast_head_json":{"title":"Cours de langues - Loretta De Nardi - Traduttrice e interprete","description":"Cours ouverts \u00e0 tous Les cours sont ouverts \u00e0 tous ceux qui souhaitent apprendre une langue \u00e9trang\u00e8re ou perfectionner la connaissance d\u2019une langue","robots":{"index":"index","follow":"follow","max-snippet":"max-snippet:-1","max-image-preview":"max-image-preview:large","max-video-preview":"max-video-preview:-1"},"canonical":"https:\/\/www.lorettadenarditraduzioni.it\/fr\/cours-de-langues\/","og_locale":"fr_FR","og_type":"article","og_title":"Cours de langues - Loretta De Nardi - Traduttrice e interprete","og_description":"Cours ouverts \u00e0 tous Les cours sont ouverts \u00e0 tous ceux qui souhaitent apprendre une langue \u00e9trang\u00e8re ou perfectionner la connaissance d\u2019une langue","og_url":"https:\/\/www.lorettadenarditraduzioni.it\/fr\/cours-de-langues\/","og_site_name":"Loretta De Nardi","article_modified_time":"2025-09-29T10:39:25+00:00","twitter_card":"summary_large_image","twitter_misc":{"Dur\u00e9e de lecture estim\u00e9e":"4 minutes"},"schema":{"@context":"https:\/\/schema.org","@graph":[{"@type":"WebPage","@id":"https:\/\/www.lorettadenarditraduzioni.it\/fr\/cours-de-langues\/","url":"https:\/\/www.lorettadenarditraduzioni.it\/fr\/cours-de-langues\/","name":"Cours de langues - Loretta De Nardi - Traduttrice e interprete","isPartOf":{"@id":"https:\/\/www.lorettadenarditraduzioni.it\/fr\/#website"},"datePublished":"2020-12-17T14:54:47+00:00","dateModified":"2025-09-29T10:39:25+00:00","description":"Cours ouverts \u00e0 tous Les cours sont ouverts \u00e0 tous ceux qui souhaitent apprendre une langue \u00e9trang\u00e8re ou perfectionner la connaissance d\u2019une langue","breadcrumb":{"@id":"https:\/\/www.lorettadenarditraduzioni.it\/fr\/cours-de-langues\/#breadcrumb"},"inLanguage":"fr-FR","potentialAction":[{"@type":"ReadAction","target":["https:\/\/www.lorettadenarditraduzioni.it\/fr\/cours-de-langues\/"]}]},{"@type":"BreadcrumbList","@id":"https:\/\/www.lorettadenarditraduzioni.it\/fr\/cours-de-langues\/#breadcrumb","itemListElement":[{"@type":"ListItem","position":1,"name":"Home","item":"https:\/\/www.lorettadenarditraduzioni.it\/fr\/"},{"@type":"ListItem","position":2,"name":"Cours de langues"}]},{"@type":"WebSite","@id":"https:\/\/www.lorettadenarditraduzioni.it\/fr\/#website","url":"https:\/\/www.lorettadenarditraduzioni.it\/fr\/","name":"Loretta De Nardi","description":"Traduttrice e interprete","publisher":{"@id":"https:\/\/www.lorettadenarditraduzioni.it\/fr\/#organization"},"potentialAction":[{"@type":"SearchAction","target":{"@type":"EntryPoint","urlTemplate":"https:\/\/www.lorettadenarditraduzioni.it\/fr\/?s={search_term_string}"},"query-input":{"@type":"PropertyValueSpecification","valueRequired":true,"valueName":"search_term_string"}}],"inLanguage":"fr-FR"},{"@type":"Organization","@id":"https:\/\/www.lorettadenarditraduzioni.it\/fr\/#organization","name":"Loretta De Nardi - Traduttrice e interprete","url":"https:\/\/www.lorettadenarditraduzioni.it\/fr\/","logo":{"@type":"ImageObject","inLanguage":"fr-FR","@id":"https:\/\/www.lorettadenarditraduzioni.it\/fr\/#\/schema\/logo\/image\/","url":"http:\/\/www.lorettadenarditraduzioni.it\/wp-content\/uploads\/lorettadenardi-logo-scuro-small.png","contentUrl":"http:\/\/www.lorettadenarditraduzioni.it\/wp-content\/uploads\/lorettadenardi-logo-scuro-small.png","width":218,"height":60,"caption":"Loretta De Nardi - Traduttrice e interprete"},"image":{"@id":"https:\/\/www.lorettadenarditraduzioni.it\/fr\/#\/schema\/logo\/image\/"}}]}},"_links":{"self":[{"href":"https:\/\/www.lorettadenarditraduzioni.it\/fr\/wp-json\/wp\/v2\/pages\/8709","targetHints":{"allow":["GET"]}}],"collection":[{"href":"https:\/\/www.lorettadenarditraduzioni.it\/fr\/wp-json\/wp\/v2\/pages"}],"about":[{"href":"https:\/\/www.lorettadenarditraduzioni.it\/fr\/wp-json\/wp\/v2\/types\/page"}],"author":[{"embeddable":true,"href":"https:\/\/www.lorettadenarditraduzioni.it\/fr\/wp-json\/wp\/v2\/users\/1"}],"replies":[{"embeddable":true,"href":"https:\/\/www.lorettadenarditraduzioni.it\/fr\/wp-json\/wp\/v2\/comments?post=8709"}],"version-history":[{"count":4,"href":"https:\/\/www.lorettadenarditraduzioni.it\/fr\/wp-json\/wp\/v2\/pages\/8709\/revisions"}],"predecessor-version":[{"id":9180,"href":"https:\/\/www.lorettadenarditraduzioni.it\/fr\/wp-json\/wp\/v2\/pages\/8709\/revisions\/9180"}],"wp:attachment":[{"href":"https:\/\/www.lorettadenarditraduzioni.it\/fr\/wp-json\/wp\/v2\/media?parent=8709"}],"curies":[{"name":"wp","href":"https:\/\/api.w.org\/{rel}","templated":true}]}}