{"id":8714,"date":"2020-12-29T18:41:07","date_gmt":"2020-12-29T17:41:07","guid":{"rendered":"https:\/\/www.lorettadenarditraduzioni.it\/cours-de-langues\/tutoring-linguistico\/"},"modified":"2025-09-12T15:34:37","modified_gmt":"2025-09-12T13:34:37","slug":"tutorat-linguistique","status":"publish","type":"page","link":"https:\/\/www.lorettadenarditraduzioni.it\/fr\/cours-de-langues\/tutorat-linguistique\/","title":{"rendered":"Tutorat linguistique"},"content":{"rendered":"<p>[vc_row content_width=\"grid\"][vc_column]\n<div id=\"ersspace-1\"><\/div><style type=\"text\/css\">#ersspace-1 { height: 100px; }\n@media handheld, only screen and (max-width: 767px) {\n\t#ersspace-1 { height: 0px; }\n}<\/style>[\/vc_column][\/vc_row][vc_row content_width=\"grid\" el_class=\"ldn-obiettivi-odd\"][vc_column offset=\"vc_col-lg-6 vc_col-md-6\"][vc_column_text css_animation=\"fadeInLeftBig\"]<\/p>\n<h2>Services offerts<\/h2>\n<p>[\/vc_column_text][vc_empty_space height=\"20px\"][\/vc_column][vc_column offset=\"vc_col-lg-6 vc_col-md-6\"]<div class=\"edgtf-unordered-list  edgtf-circle\" >\n<ul>\n<li>Pr\u00e9paration aux examens universitaires en langue \u00e9trang\u00e8re et en italien<\/li>\n<li>R\u00e9vision de th\u00e8ses de fin d\u2019\u00e9tudes universitaires en langue \u00e9trang\u00e8re et en italien<\/li>\n<li>R\u00e9vision des curriculums vitae en langue \u00e9trang\u00e8re et en italien<\/li>\n<li>Pr\u00e9paration aux entretiens d\u2019embauche en langue \u00e9trang\u00e8re et en italien<\/li>\n<li>R\u00e9daction de lettres et de textes de pr\u00e9sentation en langue \u00e9trang\u00e8re et en italien<\/li>\n<\/ul>\n<\/div>[vc_empty_space height=\"40px\"][\/vc_column][\/vc_row][vc_row][vc_column][vc_raw_html]JTVCaW5zZXJ0JTIwcGFnZSUzRCUyN19mb3JtLWdlbmVyaWNvJTI3JTIwZGlzcGxheSUzRCUyN2NvbnRlbnQlMjclNUQ=[\/vc_raw_html][\/vc_column][\/vc_row]<\/p>\n","protected":false},"excerpt":{"rendered":"<p>[vc_row content_width=\"grid\"][vc_column][\/vc_column][\/vc_row][vc_row content_width=\"grid\" el_class=\"ldn-obiettivi-odd\"][vc_column offset=\"vc_col-lg-6 vc_col-md-6\"][vc_column_text css_animation=\"fadeInLeftBig\"] Services offerts [\/vc_column_text][vc_empty_space height=\"20px\"][\/vc_column][vc_column offset=\"vc_col-lg-6 vc_col-md-6\"][vc_empty_space height=\"40px\"][\/vc_column][\/vc_row][vc_row][vc_column][vc_raw_html]JTVCaW5zZXJ0JTIwcGFnZSUzRCUyN19mb3JtLWdlbmVyaWNvJTI3JTIwZGlzcGxheSUzRCUyN2NvbnRlbnQlMjclNUQ=[\/vc_raw_html][\/vc_column][\/vc_row]<\/p>\n","protected":false},"author":1,"featured_media":0,"parent":8709,"menu_order":0,"comment_status":"closed","ping_status":"closed","template":"full-width.php","meta":{"footnotes":""},"class_list":["post-8714","page","type-page","status-publish","hentry"],"yoast_head":"<!-- This site is optimized with the Yoast SEO plugin v27.5 - https:\/\/yoast.com\/product\/yoast-seo-wordpress\/ -->\n<title>Tutorat linguistique - Loretta De Nardi - Traduttrice e interprete<\/title>\n<meta name=\"description\" content=\"Services offerts JTVCaW5zZXJ0JTIwcGFnZSUzRCUyN19mb3JtLWdlbmVyaWNvJTI3JTIwZGlzcGxheSUzRCUyN2NvbnRlbnQlMjclNUQ=\" \/>\n<meta name=\"robots\" content=\"index, follow, max-snippet:-1, max-image-preview:large, max-video-preview:-1\" \/>\n<link rel=\"canonical\" href=\"https:\/\/www.lorettadenarditraduzioni.it\/fr\/cours-de-langues\/tutorat-linguistique\/\" \/>\n<meta property=\"og:locale\" content=\"fr_FR\" \/>\n<meta property=\"og:type\" content=\"article\" \/>\n<meta property=\"og:title\" content=\"Tutorat linguistique - Loretta De Nardi - Traduttrice e interprete\" \/>\n<meta property=\"og:description\" content=\"Services offerts JTVCaW5zZXJ0JTIwcGFnZSUzRCUyN19mb3JtLWdlbmVyaWNvJTI3JTIwZGlzcGxheSUzRCUyN2NvbnRlbnQlMjclNUQ=\" \/>\n<meta property=\"og:url\" content=\"https:\/\/www.lorettadenarditraduzioni.it\/fr\/cours-de-langues\/tutorat-linguistique\/\" \/>\n<meta property=\"og:site_name\" content=\"Loretta De Nardi\" \/>\n<meta property=\"article:modified_time\" content=\"2025-09-12T13:34:37+00:00\" \/>\n<meta name=\"twitter:card\" content=\"summary_large_image\" \/>\n<meta name=\"twitter:label1\" content=\"Dur\u00e9e de lecture estim\u00e9e\" \/>\n\t<meta name=\"twitter:data1\" content=\"1 minute\" \/>\n<script type=\"application\/ld+json\" class=\"yoast-schema-graph\">{\"@context\":\"https:\\\/\\\/schema.org\",\"@graph\":[{\"@type\":\"WebPage\",\"@id\":\"https:\\\/\\\/www.lorettadenarditraduzioni.it\\\/fr\\\/cours-de-langues\\\/tutorat-linguistique\\\/\",\"url\":\"https:\\\/\\\/www.lorettadenarditraduzioni.it\\\/fr\\\/cours-de-langues\\\/tutorat-linguistique\\\/\",\"name\":\"Tutorat linguistique - Loretta De Nardi - Traduttrice e interprete\",\"isPartOf\":{\"@id\":\"http:\\\/\\\/www.lorettadenarditraduzioni.it\\\/fr\\\/#website\"},\"datePublished\":\"2020-12-29T17:41:07+00:00\",\"dateModified\":\"2025-09-12T13:34:37+00:00\",\"description\":\"Services offerts JTVCaW5zZXJ0JTIwcGFnZSUzRCUyN19mb3JtLWdlbmVyaWNvJTI3JTIwZGlzcGxheSUzRCUyN2NvbnRlbnQlMjclNUQ=\",\"breadcrumb\":{\"@id\":\"https:\\\/\\\/www.lorettadenarditraduzioni.it\\\/fr\\\/cours-de-langues\\\/tutorat-linguistique\\\/#breadcrumb\"},\"inLanguage\":\"fr-FR\",\"potentialAction\":[{\"@type\":\"ReadAction\",\"target\":[\"https:\\\/\\\/www.lorettadenarditraduzioni.it\\\/fr\\\/cours-de-langues\\\/tutorat-linguistique\\\/\"]}]},{\"@type\":\"BreadcrumbList\",\"@id\":\"https:\\\/\\\/www.lorettadenarditraduzioni.it\\\/fr\\\/cours-de-langues\\\/tutorat-linguistique\\\/#breadcrumb\",\"itemListElement\":[{\"@type\":\"ListItem\",\"position\":1,\"name\":\"Home\",\"item\":\"https:\\\/\\\/www.lorettadenarditraduzioni.it\\\/fr\\\/\"},{\"@type\":\"ListItem\",\"position\":2,\"name\":\"Cours de langues\",\"item\":\"https:\\\/\\\/www.lorettadenarditraduzioni.it\\\/fr\\\/cours-de-langues\\\/\"},{\"@type\":\"ListItem\",\"position\":3,\"name\":\"Tutorat linguistique\"}]},{\"@type\":\"WebSite\",\"@id\":\"http:\\\/\\\/www.lorettadenarditraduzioni.it\\\/fr\\\/#website\",\"url\":\"http:\\\/\\\/www.lorettadenarditraduzioni.it\\\/fr\\\/\",\"name\":\"Loretta De Nardi\",\"description\":\"Traduttrice e interprete\",\"publisher\":{\"@id\":\"http:\\\/\\\/www.lorettadenarditraduzioni.it\\\/fr\\\/#organization\"},\"potentialAction\":[{\"@type\":\"SearchAction\",\"target\":{\"@type\":\"EntryPoint\",\"urlTemplate\":\"http:\\\/\\\/www.lorettadenarditraduzioni.it\\\/fr\\\/?s={search_term_string}\"},\"query-input\":{\"@type\":\"PropertyValueSpecification\",\"valueRequired\":true,\"valueName\":\"search_term_string\"}}],\"inLanguage\":\"fr-FR\"},{\"@type\":\"Organization\",\"@id\":\"http:\\\/\\\/www.lorettadenarditraduzioni.it\\\/fr\\\/#organization\",\"name\":\"Loretta De Nardi - Traduttrice e interprete\",\"url\":\"http:\\\/\\\/www.lorettadenarditraduzioni.it\\\/fr\\\/\",\"logo\":{\"@type\":\"ImageObject\",\"inLanguage\":\"fr-FR\",\"@id\":\"http:\\\/\\\/www.lorettadenarditraduzioni.it\\\/fr\\\/#\\\/schema\\\/logo\\\/image\\\/\",\"url\":\"http:\\\/\\\/www.lorettadenarditraduzioni.it\\\/wp-content\\\/uploads\\\/lorettadenardi-logo-scuro-small.png\",\"contentUrl\":\"http:\\\/\\\/www.lorettadenarditraduzioni.it\\\/wp-content\\\/uploads\\\/lorettadenardi-logo-scuro-small.png\",\"width\":218,\"height\":60,\"caption\":\"Loretta De Nardi - Traduttrice e interprete\"},\"image\":{\"@id\":\"http:\\\/\\\/www.lorettadenarditraduzioni.it\\\/fr\\\/#\\\/schema\\\/logo\\\/image\\\/\"}}]}<\/script>\n<!-- \/ Yoast SEO plugin. -->","yoast_head_json":{"title":"Tutorat linguistique - Loretta De Nardi - Traduttrice e interprete","description":"Services offerts JTVCaW5zZXJ0JTIwcGFnZSUzRCUyN19mb3JtLWdlbmVyaWNvJTI3JTIwZGlzcGxheSUzRCUyN2NvbnRlbnQlMjclNUQ=","robots":{"index":"index","follow":"follow","max-snippet":"max-snippet:-1","max-image-preview":"max-image-preview:large","max-video-preview":"max-video-preview:-1"},"canonical":"https:\/\/www.lorettadenarditraduzioni.it\/fr\/cours-de-langues\/tutorat-linguistique\/","og_locale":"fr_FR","og_type":"article","og_title":"Tutorat linguistique - Loretta De Nardi - Traduttrice e interprete","og_description":"Services offerts JTVCaW5zZXJ0JTIwcGFnZSUzRCUyN19mb3JtLWdlbmVyaWNvJTI3JTIwZGlzcGxheSUzRCUyN2NvbnRlbnQlMjclNUQ=","og_url":"https:\/\/www.lorettadenarditraduzioni.it\/fr\/cours-de-langues\/tutorat-linguistique\/","og_site_name":"Loretta De Nardi","article_modified_time":"2025-09-12T13:34:37+00:00","twitter_card":"summary_large_image","twitter_misc":{"Dur\u00e9e de lecture estim\u00e9e":"1 minute"},"schema":{"@context":"https:\/\/schema.org","@graph":[{"@type":"WebPage","@id":"https:\/\/www.lorettadenarditraduzioni.it\/fr\/cours-de-langues\/tutorat-linguistique\/","url":"https:\/\/www.lorettadenarditraduzioni.it\/fr\/cours-de-langues\/tutorat-linguistique\/","name":"Tutorat linguistique - Loretta De Nardi - Traduttrice e interprete","isPartOf":{"@id":"http:\/\/www.lorettadenarditraduzioni.it\/fr\/#website"},"datePublished":"2020-12-29T17:41:07+00:00","dateModified":"2025-09-12T13:34:37+00:00","description":"Services offerts JTVCaW5zZXJ0JTIwcGFnZSUzRCUyN19mb3JtLWdlbmVyaWNvJTI3JTIwZGlzcGxheSUzRCUyN2NvbnRlbnQlMjclNUQ=","breadcrumb":{"@id":"https:\/\/www.lorettadenarditraduzioni.it\/fr\/cours-de-langues\/tutorat-linguistique\/#breadcrumb"},"inLanguage":"fr-FR","potentialAction":[{"@type":"ReadAction","target":["https:\/\/www.lorettadenarditraduzioni.it\/fr\/cours-de-langues\/tutorat-linguistique\/"]}]},{"@type":"BreadcrumbList","@id":"https:\/\/www.lorettadenarditraduzioni.it\/fr\/cours-de-langues\/tutorat-linguistique\/#breadcrumb","itemListElement":[{"@type":"ListItem","position":1,"name":"Home","item":"https:\/\/www.lorettadenarditraduzioni.it\/fr\/"},{"@type":"ListItem","position":2,"name":"Cours de langues","item":"https:\/\/www.lorettadenarditraduzioni.it\/fr\/cours-de-langues\/"},{"@type":"ListItem","position":3,"name":"Tutorat linguistique"}]},{"@type":"WebSite","@id":"http:\/\/www.lorettadenarditraduzioni.it\/fr\/#website","url":"http:\/\/www.lorettadenarditraduzioni.it\/fr\/","name":"Loretta De Nardi","description":"Traduttrice e interprete","publisher":{"@id":"http:\/\/www.lorettadenarditraduzioni.it\/fr\/#organization"},"potentialAction":[{"@type":"SearchAction","target":{"@type":"EntryPoint","urlTemplate":"http:\/\/www.lorettadenarditraduzioni.it\/fr\/?s={search_term_string}"},"query-input":{"@type":"PropertyValueSpecification","valueRequired":true,"valueName":"search_term_string"}}],"inLanguage":"fr-FR"},{"@type":"Organization","@id":"http:\/\/www.lorettadenarditraduzioni.it\/fr\/#organization","name":"Loretta De Nardi - Traduttrice e interprete","url":"http:\/\/www.lorettadenarditraduzioni.it\/fr\/","logo":{"@type":"ImageObject","inLanguage":"fr-FR","@id":"http:\/\/www.lorettadenarditraduzioni.it\/fr\/#\/schema\/logo\/image\/","url":"http:\/\/www.lorettadenarditraduzioni.it\/wp-content\/uploads\/lorettadenardi-logo-scuro-small.png","contentUrl":"http:\/\/www.lorettadenarditraduzioni.it\/wp-content\/uploads\/lorettadenardi-logo-scuro-small.png","width":218,"height":60,"caption":"Loretta De Nardi - Traduttrice e interprete"},"image":{"@id":"http:\/\/www.lorettadenarditraduzioni.it\/fr\/#\/schema\/logo\/image\/"}}]}},"_links":{"self":[{"href":"https:\/\/www.lorettadenarditraduzioni.it\/fr\/wp-json\/wp\/v2\/pages\/8714","targetHints":{"allow":["GET"]}}],"collection":[{"href":"https:\/\/www.lorettadenarditraduzioni.it\/fr\/wp-json\/wp\/v2\/pages"}],"about":[{"href":"https:\/\/www.lorettadenarditraduzioni.it\/fr\/wp-json\/wp\/v2\/types\/page"}],"author":[{"embeddable":true,"href":"https:\/\/www.lorettadenarditraduzioni.it\/fr\/wp-json\/wp\/v2\/users\/1"}],"replies":[{"embeddable":true,"href":"https:\/\/www.lorettadenarditraduzioni.it\/fr\/wp-json\/wp\/v2\/comments?post=8714"}],"version-history":[{"count":1,"href":"https:\/\/www.lorettadenarditraduzioni.it\/fr\/wp-json\/wp\/v2\/pages\/8714\/revisions"}],"predecessor-version":[{"id":8715,"href":"https:\/\/www.lorettadenarditraduzioni.it\/fr\/wp-json\/wp\/v2\/pages\/8714\/revisions\/8715"}],"up":[{"embeddable":true,"href":"https:\/\/www.lorettadenarditraduzioni.it\/fr\/wp-json\/wp\/v2\/pages\/8709"}],"wp:attachment":[{"href":"https:\/\/www.lorettadenarditraduzioni.it\/fr\/wp-json\/wp\/v2\/media?parent=8714"}],"curies":[{"name":"wp","href":"https:\/\/api.w.org\/{rel}","templated":true}]}}